{"id":764,"date":"2025-02-07T07:33:38","date_gmt":"2025-02-07T06:33:38","guid":{"rendered":"https:\/?page_id=764"},"modified":"2025-02-27T01:35:38","modified_gmt":"2025-02-27T00:35:38","slug":"productos-de-desmanche","status":"publish","type":"page","link":"https:\/\/tecnodetergentes.com\/index.php\/productos-de-desmanche\/","title":{"rendered":"PRODUCTOS DE DESMANCHE"},"content":{"rendered":"\t\t<div data-elementor-type=\"wp-page\" data-elementor-id=\"764\" class=\"elementor elementor-764\">\n\t\t\t\t<div class=\"elementor-element elementor-element-a2fc68e e-flex e-con-boxed e-con e-parent\" data-id=\"a2fc68e\" data-element_type=\"container\" data-e-type=\"container\">\n\t\t\t\t\t<div class=\"e-con-inner\">\n\t\t\t\t<div class=\"elementor-element elementor-element-dbe20c3 elementor-widget elementor-widget-heading\" data-id=\"dbe20c3\" data-element_type=\"widget\" data-e-type=\"widget\" data-widget_type=\"heading.default\">\n\t\t\t\t<div class=\"elementor-widget-container\">\n\t\t\t\t\t<h2 class=\"elementor-heading-title elementor-size-default\">L\u00cdNEA PRODUCTOS DE DESMANCHE<\/h2>\t\t\t\t<\/div>\n\t\t\t\t<\/div>\n\t\t\t\t<div class=\"elementor-element elementor-element-1429dc6 elementor-widget elementor-widget-text-editor\" data-id=\"1429dc6\" data-element_type=\"widget\" data-e-type=\"widget\" data-widget_type=\"text-editor.default\">\n\t\t\t\t<div class=\"elementor-widget-container\">\n\t\t\t\t\t\t\t\t\t<div dir=\"ltr\"><div>LIMPIEZA EFECTIVA DE TINTAS, \u00d3XIDOS Y MANCHAS DIF\u00cdCILES EN DIFERENTES TIPOS DE SUPERFICIES INDUSTRIALES E INSTITUCIONALES<\/div><div>\u00a0<\/div><\/div>\t\t\t\t\t\t\t\t<\/div>\n\t\t\t\t<\/div>\n\t\t\t\t\t<\/div>\n\t\t\t\t<\/div>\n\t\t<div class=\"elementor-element elementor-element-6af6ff2 e-flex e-con-boxed e-con e-parent\" data-id=\"6af6ff2\" data-element_type=\"container\" data-e-type=\"container\">\n\t\t\t\t\t<div class=\"e-con-inner\">\n\t\t<div class=\"elementor-element elementor-element-e658dc5 e-con-full e-flex e-con e-child\" data-id=\"e658dc5\" data-element_type=\"container\" data-e-type=\"container\">\n\t\t\t\t<div class=\"elementor-element elementor-element-017c851 elementor-invisible elementor-widget elementor-widget-heading\" data-id=\"017c851\" data-element_type=\"widget\" data-e-type=\"widget\" data-settings=\"{&quot;_animation&quot;:&quot;fadeInDownShorter&quot;,&quot;_animation_delay&quot;:200}\" data-widget_type=\"heading.default\">\n\t\t\t\t<div class=\"elementor-widget-container\">\n\t\t\t\t\t<h2 class=\"elementor-heading-title elementor-size-default\">Sectores<\/h2>\t\t\t\t<\/div>\n\t\t\t\t<\/div>\n\t\t\t\t<div class=\"elementor-element elementor-element-74dadb3 elementor-widget elementor-widget-image\" data-id=\"74dadb3\" data-element_type=\"widget\" data-e-type=\"widget\" data-widget_type=\"image.default\">\n\t\t\t\t<div class=\"elementor-widget-container\">\n\t\t\t\t\t\t\t\t\t\t\t\t\t\t\t<img fetchpriority=\"high\" decoding=\"async\" width=\"1024\" height=\"1024\" src=\"https:\/\/tecnodetergentes.com\/wp-content\/uploads\/2025\/02\/salud.png\" class=\"attachment-large size-large wp-image-600\" alt=\"\" \/>\t\t\t\t\t\t\t\t\t\t\t\t\t\t\t<\/div>\n\t\t\t\t<\/div>\n\t\t\t\t<div class=\"elementor-element elementor-element-34d9a8c elementor-widget elementor-widget-image\" data-id=\"34d9a8c\" data-element_type=\"widget\" data-e-type=\"widget\" data-widget_type=\"image.default\">\n\t\t\t\t<div class=\"elementor-widget-container\">\n\t\t\t\t\t\t\t\t\t\t\t\t\t\t\t<img decoding=\"async\" width=\"246\" height=\"246\" src=\"https:\/\/tecnodetergentes.com\/wp-content\/uploads\/2025\/02\/industrial.png\" class=\"attachment-large size-large wp-image-601\" alt=\"\" \/>\t\t\t\t\t\t\t\t\t\t\t\t\t\t\t<\/div>\n\t\t\t\t<\/div>\n\t\t\t\t<div class=\"elementor-element elementor-element-8b7e691 elementor-widget elementor-widget-image\" data-id=\"8b7e691\" data-element_type=\"widget\" data-e-type=\"widget\" data-widget_type=\"image.default\">\n\t\t\t\t<div class=\"elementor-widget-container\">\n\t\t\t\t\t\t\t\t\t\t\t\t\t\t\t<img decoding=\"async\" width=\"246\" height=\"246\" src=\"https:\/\/tecnodetergentes.com\/wp-content\/uploads\/2025\/02\/institucional.png\" class=\"attachment-large size-large wp-image-602\" alt=\"\" \/>\t\t\t\t\t\t\t\t\t\t\t\t\t\t\t<\/div>\n\t\t\t\t<\/div>\n\t\t\t\t<div class=\"elementor-element elementor-element-4bf266c elementor-widget elementor-widget-image\" data-id=\"4bf266c\" data-element_type=\"widget\" data-e-type=\"widget\" data-widget_type=\"image.default\">\n\t\t\t\t<div class=\"elementor-widget-container\">\n\t\t\t\t\t\t\t\t\t\t\t\t\t\t\t<img loading=\"lazy\" decoding=\"async\" width=\"246\" height=\"246\" src=\"https:\/\/tecnodetergentes.com\/wp-content\/uploads\/2025\/02\/hotel.png\" class=\"attachment-large size-large wp-image-603\" alt=\"\" \/>\t\t\t\t\t\t\t\t\t\t\t\t\t\t\t<\/div>\n\t\t\t\t<\/div>\n\t\t\t\t<\/div>\n\t\t<div class=\"elementor-element elementor-element-4d09158 e-con-full e-flex e-con e-child\" data-id=\"4d09158\" data-element_type=\"container\" data-e-type=\"container\">\n\t\t\t\t<div class=\"elementor-element elementor-element-d3478f3 elementor-widget elementor-widget-image\" data-id=\"d3478f3\" data-element_type=\"widget\" data-e-type=\"widget\" data-widget_type=\"image.default\">\n\t\t\t\t<div class=\"elementor-widget-container\">\n\t\t\t\t\t\t\t\t\t\t\t\t\t\t\t<img loading=\"lazy\" decoding=\"async\" width=\"1024\" height=\"1024\" src=\"https:\/\/tecnodetergentes.com\/wp-content\/uploads\/2025\/02\/DESMANCHE.jpg\" class=\"attachment-large size-large wp-image-687\" alt=\"\" \/>\t\t\t\t\t\t\t\t\t\t\t\t\t\t\t<\/div>\n\t\t\t\t<\/div>\n\t\t\t\t<div class=\"elementor-element elementor-element-b063679 elementor-align-center elementor-widget elementor-widget-button\" data-id=\"b063679\" data-element_type=\"widget\" data-e-type=\"widget\" data-widget_type=\"button.default\">\n\t\t\t\t<div class=\"elementor-widget-container\">\n\t\t\t\t\t\t\t\t\t<div class=\"elementor-button-wrapper\">\n\t\t\t\t\t<a class=\"elementor-button elementor-button-link elementor-size-sm elementor-animation-grow\" href=\"https:\/\/wa.link\/v42thc\">\n\t\t\t\t\t\t<span class=\"elementor-button-content-wrapper\">\n\t\t\t\t\t\t\t\t\t<span class=\"elementor-button-text\">ASESOR\u00cdA\u00a0 DE DOSIFICACI\u00d3N\u00a0<\/span>\n\t\t\t\t\t<\/span>\n\t\t\t\t\t<\/a>\n\t\t\t\t<\/div>\n\t\t\t\t\t\t\t\t<\/div>\n\t\t\t\t<\/div>\n\t\t\t\t<\/div>\n\t\t<div class=\"elementor-element elementor-element-c68eb8d e-con-full e-flex e-con e-child\" data-id=\"c68eb8d\" data-element_type=\"container\" data-e-type=\"container\">\n\t\t\t\t<div class=\"elementor-element elementor-element-55922e9 elementor-invisible elementor-widget elementor-widget-heading\" data-id=\"55922e9\" data-element_type=\"widget\" data-e-type=\"widget\" data-settings=\"{&quot;_animation&quot;:&quot;fadeInDownShorter&quot;,&quot;_animation_delay&quot;:200}\" data-widget_type=\"heading.default\">\n\t\t\t\t<div class=\"elementor-widget-container\">\n\t\t\t\t\t<h2 class=\"elementor-heading-title elementor-size-default\">Habla con un asesor<\/h2>\t\t\t\t<\/div>\n\t\t\t\t<\/div>\n\t\t\t\t<div class=\"elementor-element elementor-element-0d5c5f5 elementor-widget elementor-widget-image\" data-id=\"0d5c5f5\" data-element_type=\"widget\" data-e-type=\"widget\" data-widget_type=\"image.default\">\n\t\t\t\t<div class=\"elementor-widget-container\">\n\t\t\t\t\t\t\t\t\t\t\t\t\t\t\t\t<a href=\"https:\/\/wa.link\/v42thc\">\n\t\t\t\t\t\t\t<img loading=\"lazy\" decoding=\"async\" width=\"212\" height=\"212\" src=\"https:\/\/tecnodetergentes.com\/wp-content\/uploads\/2025\/02\/asesor.png\" class=\"elementor-animation-grow attachment-large size-large wp-image-608\" alt=\"\" \/>\t\t\t\t\t\t\t\t<\/a>\n\t\t\t\t\t\t\t\t\t\t\t\t\t\t\t<\/div>\n\t\t\t\t<\/div>\n\t\t\t\t<div class=\"elementor-element elementor-element-dc08db0 elementor-align-center elementor-widget elementor-widget-button\" data-id=\"dc08db0\" data-element_type=\"widget\" data-e-type=\"widget\" data-settings=\"{&quot;_animation&quot;:&quot;none&quot;,&quot;_animation_delay&quot;:600}\" data-widget_type=\"button.default\">\n\t\t\t\t<div class=\"elementor-widget-container\">\n\t\t\t\t\t\t\t\t\t<div class=\"elementor-button-wrapper\">\n\t\t\t\t\t<a class=\"elementor-button elementor-button-link elementor-size-sm elementor-animation-grow\" href=\"https:\/\/wa.link\/v42thc\" target=\"_blank\">\n\t\t\t\t\t\t<span class=\"elementor-button-content-wrapper\">\n\t\t\t\t\t\t\t\t\t<span class=\"elementor-button-text\">CONT\u00c1CTENOS<\/span>\n\t\t\t\t\t<\/span>\n\t\t\t\t\t<\/a>\n\t\t\t\t<\/div>\n\t\t\t\t\t\t\t\t<\/div>\n\t\t\t\t<\/div>\n\t\t\t\t<\/div>\n\t\t\t\t\t<\/div>\n\t\t\t\t<\/div>\n\t\t<div class=\"elementor-element elementor-element-d2b0297 e-flex e-con-boxed e-con e-parent\" data-id=\"d2b0297\" data-element_type=\"container\" data-e-type=\"container\">\n\t\t\t\t\t<div class=\"e-con-inner\">\n\t\t\t\t<div class=\"elementor-element elementor-element-6aac174 elementor-invisible elementor-widget elementor-widget-heading\" data-id=\"6aac174\" data-element_type=\"widget\" data-e-type=\"widget\" data-settings=\"{&quot;_animation&quot;:&quot;fadeInDownShorter&quot;,&quot;_animation_delay&quot;:200}\" data-widget_type=\"heading.default\">\n\t\t\t\t<div class=\"elementor-widget-container\">\n\t\t\t\t\t<h2 class=\"elementor-heading-title elementor-size-default\">Presentaciones<\/h2>\t\t\t\t<\/div>\n\t\t\t\t<\/div>\n\t\t\t\t\t<\/div>\n\t\t\t\t<\/div>\n\t\t<div class=\"elementor-element elementor-element-85467ec e-flex e-con-boxed e-con e-parent\" data-id=\"85467ec\" data-element_type=\"container\" data-e-type=\"container\">\n\t\t\t\t\t<div class=\"e-con-inner\">\n\t\t<div class=\"elementor-element elementor-element-324afea e-con-full e-flex e-con e-child\" data-id=\"324afea\" data-element_type=\"container\" data-e-type=\"container\">\n\t\t\t\t<div class=\"elementor-element elementor-element-755c5ad elementor-widget elementor-widget-image\" data-id=\"755c5ad\" data-element_type=\"widget\" data-e-type=\"widget\" data-widget_type=\"image.default\">\n\t\t\t\t<div class=\"elementor-widget-container\">\n\t\t\t\t\t\t\t\t\t\t\t\t<figure class=\"wp-caption\">\n\t\t\t\t\t\t\t\t\t\t<img loading=\"lazy\" decoding=\"async\" width=\"430\" height=\"580\" src=\"https:\/\/tecnodetergentes.com\/wp-content\/uploads\/2025\/02\/Galon-redondo-4000ml-T42.blancotaparoja-removebg-preview.png\" class=\"elementor-animation-grow attachment-large size-large wp-image-721\" alt=\"\" \/>\t\t\t\t\t\t\t\t\t\t\t<figcaption class=\"widget-image-caption wp-caption-text\">Gal\u00f3n 3.8 litros<\/figcaption>\n\t\t\t\t\t\t\t\t\t\t<\/figure>\n\t\t\t\t\t\t\t\t\t<\/div>\n\t\t\t\t<\/div>\n\t\t\t\t<\/div>\n\t\t<div class=\"elementor-element elementor-element-54116a2 e-con-full e-flex e-con e-child\" data-id=\"54116a2\" data-element_type=\"container\" data-e-type=\"container\">\n\t\t\t\t<div class=\"elementor-element elementor-element-896dbd2 elementor-widget elementor-widget-image\" data-id=\"896dbd2\" data-element_type=\"widget\" data-e-type=\"widget\" data-widget_type=\"image.default\">\n\t\t\t\t<div class=\"elementor-widget-container\">\n\t\t\t\t\t\t\t\t\t\t\t\t<figure class=\"wp-caption\">\n\t\t\t\t\t\t\t\t\t\t<img loading=\"lazy\" decoding=\"async\" width=\"605\" height=\"605\" src=\"https:\/\/tecnodetergentes.com\/wp-content\/uploads\/2025\/02\/GARRAFA-20-LITROS-INCOLORA-T-ROJO-950g-1-UD-605x605-1.png\" class=\"elementor-animation-grow attachment-large size-large wp-image-722\" alt=\"\" \/>\t\t\t\t\t\t\t\t\t\t\t<figcaption class=\"widget-image-caption wp-caption-text\">Garrafa 20 litros<\/figcaption>\n\t\t\t\t\t\t\t\t\t\t<\/figure>\n\t\t\t\t\t\t\t\t\t<\/div>\n\t\t\t\t<\/div>\n\t\t\t\t<\/div>\n\t\t\t\t\t<\/div>\n\t\t\t\t<\/div>\n\t\t<div class=\"elementor-element elementor-element-bf9cd6b e-flex e-con-boxed e-con e-parent\" data-id=\"bf9cd6b\" data-element_type=\"container\" data-e-type=\"container\" data-settings=\"{&quot;background_background&quot;:&quot;classic&quot;}\">\n\t\t\t\t\t<div class=\"e-con-inner\">\n\t\t<div class=\"elementor-element elementor-element-8e941b7 e-con-full e-flex e-con e-child\" data-id=\"8e941b7\" data-element_type=\"container\" data-e-type=\"container\">\n\t\t\t\t<div class=\"elementor-element elementor-element-bd7e5fe elementor-widget elementor-widget-heading\" data-id=\"bd7e5fe\" data-element_type=\"widget\" data-e-type=\"widget\" data-widget_type=\"heading.default\">\n\t\t\t\t<div class=\"elementor-widget-container\">\n\t\t\t\t\t<h2 class=\"elementor-heading-title elementor-size-default\">PRODUCTOS<\/h2>\t\t\t\t<\/div>\n\t\t\t\t<\/div>\n\t\t\t\t<\/div>\n\t\t\t\t\t<\/div>\n\t\t\t\t<\/div>\n\t\t<div class=\"elementor-element elementor-element-7f6a32a e-flex e-con-boxed e-con e-parent\" data-id=\"7f6a32a\" data-element_type=\"container\" data-e-type=\"container\">\n\t\t\t\t\t<div class=\"e-con-inner\">\n\t\t<div class=\"elementor-element elementor-element-5505436 e-con-full e-flex e-con e-child\" data-id=\"5505436\" data-element_type=\"container\" data-e-type=\"container\" data-settings=\"{&quot;background_background&quot;:&quot;classic&quot;}\">\n\t\t\t\t<div class=\"elementor-element elementor-element-293ae18 elementor-invisible elementor-widget elementor-widget-heading\" data-id=\"293ae18\" data-element_type=\"widget\" data-e-type=\"widget\" data-settings=\"{&quot;_animation&quot;:&quot;fadeIn&quot;}\" data-widget_type=\"heading.default\">\n\t\t\t\t<div class=\"elementor-widget-container\">\n\t\t\t\t\t<h2 class=\"elementor-heading-title elementor-size-default\">\nQUITA \u00d3XIDO<\/h2>\t\t\t\t<\/div>\n\t\t\t\t<\/div>\n\t\t\t\t<\/div>\n\t\t<div class=\"elementor-element elementor-element-f352ebb e-con-full e-flex e-con e-child\" data-id=\"f352ebb\" data-element_type=\"container\" data-e-type=\"container\" data-settings=\"{&quot;background_background&quot;:&quot;classic&quot;}\">\n\t\t\t\t<div class=\"elementor-element elementor-element-d3c0a29 elementor-widget elementor-widget-text-editor\" data-id=\"d3c0a29\" data-element_type=\"widget\" data-e-type=\"widget\" data-widget_type=\"text-editor.default\">\n\t\t\t\t<div class=\"elementor-widget-container\">\n\t\t\t\t\t\t\t\t\t<div dir=\"ltr\">PARA ELIMINAR MANCHAS DE \u00d3XIDO EN EQUIPOS, MAQUINARIA, DIFERENTES \u00c1REAS Y SUPERFICIES<\/div>\t\t\t\t\t\t\t\t<\/div>\n\t\t\t\t<\/div>\n\t\t\t\t<\/div>\n\t\t\t\t\t<\/div>\n\t\t\t\t<\/div>\n\t\t<div class=\"elementor-element elementor-element-4c80cfb e-flex e-con-boxed e-con e-parent\" data-id=\"4c80cfb\" data-element_type=\"container\" data-e-type=\"container\">\n\t\t\t\t\t<div class=\"e-con-inner\">\n\t\t<div class=\"elementor-element elementor-element-7328c3f e-con-full e-flex e-con e-child\" data-id=\"7328c3f\" data-element_type=\"container\" data-e-type=\"container\" data-settings=\"{&quot;background_background&quot;:&quot;classic&quot;}\">\n\t\t\t\t<div class=\"elementor-element elementor-element-2e678e2 elementor-invisible elementor-widget elementor-widget-heading\" data-id=\"2e678e2\" data-element_type=\"widget\" data-e-type=\"widget\" data-settings=\"{&quot;_animation&quot;:&quot;fadeIn&quot;}\" data-widget_type=\"heading.default\">\n\t\t\t\t<div class=\"elementor-widget-container\">\n\t\t\t\t\t<h2 class=\"elementor-heading-title elementor-size-default\">\nPIRATEX INDUSTRIAL\n<\/h2>\t\t\t\t<\/div>\n\t\t\t\t<\/div>\n\t\t\t\t<\/div>\n\t\t<div class=\"elementor-element elementor-element-f45a2d5 e-con-full e-flex e-con e-child\" data-id=\"f45a2d5\" data-element_type=\"container\" data-e-type=\"container\" data-settings=\"{&quot;background_background&quot;:&quot;classic&quot;}\">\n\t\t\t\t<div class=\"elementor-element elementor-element-f4822e0 elementor-widget elementor-widget-text-editor\" data-id=\"f4822e0\" data-element_type=\"widget\" data-e-type=\"widget\" data-widget_type=\"text-editor.default\">\n\t\t\t\t<div class=\"elementor-widget-container\">\n\t\t\t\t\t\t\t\t\t<div dir=\"ltr\">ELIMINA DIFERENTE TIPO DE MANCHAS EN \u00c1REAS Y SUPERFICIES INDUSTRIAL<\/div>\t\t\t\t\t\t\t\t<\/div>\n\t\t\t\t<\/div>\n\t\t\t\t<\/div>\n\t\t\t\t\t<\/div>\n\t\t\t\t<\/div>\n\t\t<div class=\"elementor-element elementor-element-26c9e3c e-flex e-con-boxed e-con e-parent\" data-id=\"26c9e3c\" data-element_type=\"container\" data-e-type=\"container\">\n\t\t\t\t\t<div class=\"e-con-inner\">\n\t\t<div class=\"elementor-element elementor-element-7944c6d e-con-full e-flex e-con e-child\" data-id=\"7944c6d\" data-element_type=\"container\" data-e-type=\"container\" data-settings=\"{&quot;background_background&quot;:&quot;classic&quot;}\">\n\t\t\t\t<div class=\"elementor-element elementor-element-c437a33 elementor-invisible elementor-widget elementor-widget-heading\" data-id=\"c437a33\" data-element_type=\"widget\" data-e-type=\"widget\" data-settings=\"{&quot;_animation&quot;:&quot;fadeIn&quot;}\" data-widget_type=\"heading.default\">\n\t\t\t\t<div class=\"elementor-widget-container\">\n\t\t\t\t\t<h2 class=\"elementor-heading-title elementor-size-default\">\nQUITA TINTA<\/h2>\t\t\t\t<\/div>\n\t\t\t\t<\/div>\n\t\t\t\t<\/div>\n\t\t<div class=\"elementor-element elementor-element-eec0a2a e-con-full e-flex e-con e-child\" data-id=\"eec0a2a\" data-element_type=\"container\" data-e-type=\"container\" data-settings=\"{&quot;background_background&quot;:&quot;classic&quot;}\">\n\t\t\t\t<div class=\"elementor-element elementor-element-743804b elementor-widget elementor-widget-text-editor\" data-id=\"743804b\" data-element_type=\"widget\" data-e-type=\"widget\" data-widget_type=\"text-editor.default\">\n\t\t\t\t<div class=\"elementor-widget-container\">\n\t\t\t\t\t\t\t\t\t<div dir=\"ltr\">PARA ELIMINAR MANCHAS DE TINTA EN DIFERENTES \u00c1REAS Y SUPERFICIES<\/div>\t\t\t\t\t\t\t\t<\/div>\n\t\t\t\t<\/div>\n\t\t\t\t<\/div>\n\t\t\t\t\t<\/div>\n\t\t\t\t<\/div>\n\t\t<div class=\"elementor-element elementor-element-8e55985 e-flex e-con-boxed e-con e-parent\" data-id=\"8e55985\" data-element_type=\"container\" data-e-type=\"container\">\n\t\t\t\t\t<div class=\"e-con-inner\">\n\t\t<div class=\"elementor-element elementor-element-696cce0 e-con-full e-flex e-con e-child\" data-id=\"696cce0\" data-element_type=\"container\" data-e-type=\"container\">\n\t\t<div class=\"elementor-element elementor-element-5530e7b e-con-full e-flex elementor-invisible e-con e-child\" data-id=\"5530e7b\" data-element_type=\"container\" data-e-type=\"container\" data-settings=\"{&quot;animation&quot;:&quot;fadeInDownShorter&quot;}\">\n\t\t\t\t<div class=\"elementor-element elementor-element-1e66844 elementor-widget elementor-widget-image\" data-id=\"1e66844\" data-element_type=\"widget\" data-e-type=\"widget\" data-widget_type=\"image.default\">\n\t\t\t\t<div class=\"elementor-widget-container\">\n\t\t\t\t\t\t\t\t\t\t\t\t\t\t\t<img loading=\"lazy\" decoding=\"async\" width=\"1024\" height=\"683\" src=\"https:\/\/tecnodetergentes.com\/wp-content\/uploads\/2025\/02\/pexels-karolina-grabowska-4959878-1-1024x683.jpg\" class=\"attachment-large size-large wp-image-883\" alt=\"\" srcset=\"https:\/\/tecnodetergentes.com\/wp-content\/uploads\/2025\/02\/pexels-karolina-grabowska-4959878-1-1024x683.jpg 1024w, https:\/\/tecnodetergentes.com\/wp-content\/uploads\/2025\/02\/pexels-karolina-grabowska-4959878-1-300x200.jpg 300w, https:\/\/tecnodetergentes.com\/wp-content\/uploads\/2025\/02\/pexels-karolina-grabowska-4959878-1-768x512.jpg 768w, https:\/\/tecnodetergentes.com\/wp-content\/uploads\/2025\/02\/pexels-karolina-grabowska-4959878-1-1536x1024.jpg 1536w, https:\/\/tecnodetergentes.com\/wp-content\/uploads\/2025\/02\/pexels-karolina-grabowska-4959878-1-2048x1365.jpg 2048w, https:\/\/tecnodetergentes.com\/wp-content\/uploads\/2025\/02\/pexels-karolina-grabowska-4959878-1-1140x760.jpg 1140w, https:\/\/tecnodetergentes.com\/wp-content\/uploads\/2025\/02\/pexels-karolina-grabowska-4959878-1-920x613.jpg 920w, https:\/\/tecnodetergentes.com\/wp-content\/uploads\/2025\/02\/pexels-karolina-grabowska-4959878-1-575x383.jpg 575w, https:\/\/tecnodetergentes.com\/wp-content\/uploads\/2025\/02\/pexels-karolina-grabowska-4959878-1-380x253.jpg 380w, https:\/\/tecnodetergentes.com\/wp-content\/uploads\/2025\/02\/pexels-karolina-grabowska-4959878-1-420x280.jpg 420w, https:\/\/tecnodetergentes.com\/wp-content\/uploads\/2025\/02\/pexels-karolina-grabowska-4959878-1-800x533.jpg 800w, https:\/\/tecnodetergentes.com\/wp-content\/uploads\/2025\/02\/pexels-karolina-grabowska-4959878-1-80x53.jpg 80w\" sizes=\"(max-width: 1024px) 100vw, 1024px\" \/>\t\t\t\t\t\t\t\t\t\t\t\t\t\t\t<\/div>\n\t\t\t\t<\/div>\n\t\t\t\t<\/div>\n\t\t<div class=\"elementor-element elementor-element-e894e14 e-con-full e-flex elementor-invisible e-con e-child\" data-id=\"e894e14\" data-element_type=\"container\" data-e-type=\"container\" data-settings=\"{&quot;animation&quot;:&quot;fadeInDownShorter&quot;}\">\n\t\t\t\t<div class=\"elementor-element elementor-element-b387468 elementor-widget elementor-widget-image\" data-id=\"b387468\" data-element_type=\"widget\" data-e-type=\"widget\" data-widget_type=\"image.default\">\n\t\t\t\t<div class=\"elementor-widget-container\">\n\t\t\t\t\t\t\t\t\t\t\t\t\t\t\t<img loading=\"lazy\" decoding=\"async\" width=\"235\" height=\"235\" src=\"https:\/\/tecnodetergentes.com\/wp-content\/uploads\/2025\/02\/bio.png\" class=\"attachment-large size-large wp-image-587\" alt=\"\" \/>\t\t\t\t\t\t\t\t\t\t\t\t\t\t\t<\/div>\n\t\t\t\t<\/div>\n\t\t\t\t<div class=\"elementor-element elementor-element-e531c77 elementor-widget elementor-widget-heading\" data-id=\"e531c77\" data-element_type=\"widget\" data-e-type=\"widget\" data-widget_type=\"heading.default\">\n\t\t\t\t<div class=\"elementor-widget-container\">\n\t\t\t\t\t<h4 class=\"elementor-heading-title elementor-size-default\">BIODEGRADABLES<\/h4>\t\t\t\t<\/div>\n\t\t\t\t<\/div>\n\t\t\t\t<div class=\"elementor-element elementor-element-12d4e28 elementor-widget elementor-widget-text-editor\" data-id=\"12d4e28\" data-element_type=\"widget\" data-e-type=\"widget\" data-widget_type=\"text-editor.default\">\n\t\t\t\t<div class=\"elementor-widget-container\">\n\t\t\t\t\t\t\t\t\t<p>Disponemos de materias primas biol\u00f3gicas\u00a0 para detergentes que se degradan m\u00e1s f\u00e1cil\u00a0 y en el menor tiempo sin causar da\u00f1o al medio ambiente.<\/p>\t\t\t\t\t\t\t\t<\/div>\n\t\t\t\t<\/div>\n\t\t\t\t<\/div>\n\t\t<div class=\"elementor-element elementor-element-095c47f e-con-full e-flex elementor-invisible e-con e-child\" data-id=\"095c47f\" data-element_type=\"container\" data-e-type=\"container\" data-settings=\"{&quot;animation&quot;:&quot;fadeInDownShorter&quot;}\">\n\t\t\t\t<div class=\"elementor-element elementor-element-baf5dd4 elementor-widget elementor-widget-image\" data-id=\"baf5dd4\" data-element_type=\"widget\" data-e-type=\"widget\" data-widget_type=\"image.default\">\n\t\t\t\t<div class=\"elementor-widget-container\">\n\t\t\t\t\t\t\t\t\t\t\t\t\t\t\t<img loading=\"lazy\" decoding=\"async\" width=\"1024\" height=\"683\" src=\"https:\/\/tecnodetergentes.com\/wp-content\/uploads\/2025\/02\/pexels-ron-lach-8346218-1-1024x683.jpg\" class=\"attachment-large size-large wp-image-867\" alt=\"\" srcset=\"https:\/\/tecnodetergentes.com\/wp-content\/uploads\/2025\/02\/pexels-ron-lach-8346218-1-1024x683.jpg 1024w, https:\/\/tecnodetergentes.com\/wp-content\/uploads\/2025\/02\/pexels-ron-lach-8346218-1-300x200.jpg 300w, https:\/\/tecnodetergentes.com\/wp-content\/uploads\/2025\/02\/pexels-ron-lach-8346218-1-768x512.jpg 768w, https:\/\/tecnodetergentes.com\/wp-content\/uploads\/2025\/02\/pexels-ron-lach-8346218-1-1536x1024.jpg 1536w, https:\/\/tecnodetergentes.com\/wp-content\/uploads\/2025\/02\/pexels-ron-lach-8346218-1-2048x1365.jpg 2048w, https:\/\/tecnodetergentes.com\/wp-content\/uploads\/2025\/02\/pexels-ron-lach-8346218-1-1140x760.jpg 1140w, https:\/\/tecnodetergentes.com\/wp-content\/uploads\/2025\/02\/pexels-ron-lach-8346218-1-920x613.jpg 920w, https:\/\/tecnodetergentes.com\/wp-content\/uploads\/2025\/02\/pexels-ron-lach-8346218-1-575x383.jpg 575w, https:\/\/tecnodetergentes.com\/wp-content\/uploads\/2025\/02\/pexels-ron-lach-8346218-1-380x253.jpg 380w, https:\/\/tecnodetergentes.com\/wp-content\/uploads\/2025\/02\/pexels-ron-lach-8346218-1-420x280.jpg 420w, https:\/\/tecnodetergentes.com\/wp-content\/uploads\/2025\/02\/pexels-ron-lach-8346218-1-800x533.jpg 800w, https:\/\/tecnodetergentes.com\/wp-content\/uploads\/2025\/02\/pexels-ron-lach-8346218-1-80x53.jpg 80w\" sizes=\"(max-width: 1024px) 100vw, 1024px\" \/>\t\t\t\t\t\t\t\t\t\t\t\t\t\t\t<\/div>\n\t\t\t\t<\/div>\n\t\t\t\t<\/div>\n\t\t\t\t<\/div>\n\t\t\t\t\t<\/div>\n\t\t\t\t<\/div>\n\t\t\t\t<\/div>\n\t\t","protected":false},"excerpt":{"rendered":"<p>L\u00cdNEA PRODUCTOS DE DESMANCHE LIMPIEZA EFECTIVA DE TINTAS, \u00d3XIDOS Y MANCHAS DIF\u00cdCILES EN DIFERENTES TIPOS DE SUPERFICIES INDUSTRIALES E INSTITUCIONALES\u00a0 Sectores ASESOR\u00cdA\u00a0 DE DOSIFICACI\u00d3N\u00a0 Habla con un asesor CONT\u00c1CTENOS Presentaciones [&hellip;]<\/p>\n","protected":false},"author":1,"featured_media":0,"parent":0,"menu_order":0,"comment_status":"closed","ping_status":"closed","template":"","meta":{"_joinchat":[],"footnotes":""},"class_list":["post-764","page","type-page","status-publish","hentry"],"jetpack_sharing_enabled":true,"_links":{"self":[{"href":"https:\/\/tecnodetergentes.com\/index.php\/wp-json\/wp\/v2\/pages\/764","targetHints":{"allow":["GET"]}}],"collection":[{"href":"https:\/\/tecnodetergentes.com\/index.php\/wp-json\/wp\/v2\/pages"}],"about":[{"href":"https:\/\/tecnodetergentes.com\/index.php\/wp-json\/wp\/v2\/types\/page"}],"author":[{"embeddable":true,"href":"https:\/\/tecnodetergentes.com\/index.php\/wp-json\/wp\/v2\/users\/1"}],"replies":[{"embeddable":true,"href":"https:\/\/tecnodetergentes.com\/index.php\/wp-json\/wp\/v2\/comments?post=764"}],"version-history":[{"count":0,"href":"https:\/\/tecnodetergentes.com\/index.php\/wp-json\/wp\/v2\/pages\/764\/revisions"}],"wp:attachment":[{"href":"https:\/\/tecnodetergentes.com\/index.php\/wp-json\/wp\/v2\/media?parent=764"}],"curies":[{"name":"wp","href":"https:\/\/api.w.org\/{rel}","templated":true}]}}